{"id":81,"date":"2017-12-12T13:33:34","date_gmt":"2017-12-12T13:33:34","guid":{"rendered":"https:\/\/ideas2invoices.com\/?page_id=81"},"modified":"2018-06-12T14:47:59","modified_gmt":"2018-06-12T14:47:59","slug":"nota-legal","status":"publish","type":"page","link":"https:\/\/ideas2invoices.com\/es\/nota-legal\/","title":{"rendered":"Nota legal"},"content":{"rendered":"<h2>Condiciones generales de utilizaci\u00f3n del sitio web de Ideas2Invoices, S.L.<\/h2>\n<h3>1. Objeto<\/h3>\n<p>Las presentes Condiciones Generales regulan el uso (incluyendo el mero acceso) de las p\u00e1ginas web integrantes del sitio web de Ideas2Invoices, S.L. (\u201c<strong>I2I<\/strong>\u201d), incluidos los contenidos y servicios puestos a disposici\u00f3n en ellas (el \u201c<strong>Sitio I2I<\/strong>\u201d). Toda persona que acceda al Sitio I2I (\u201c<strong>Usuario<\/strong>\u201d) acepta someterse a las Condiciones Generales vigentes en cada momento en que acceda al Sitio I2I.<\/p>\n<p>Los contenidos y servicios que I2I pone a disposici\u00f3n del Usuario en el Sitio I2I (respectivamente, los \u201c<strong>Contenidos<\/strong>\u201d y los \u201c<strong>Servicios<\/strong>\u201d) podr\u00e1n asimismo quedar regulados por condiciones particulares que, en caso de conflicto, prevalecer\u00e1n sobre las Condiciones Generales (las \u201c<strong>Condiciones Particulares<\/strong>\u201d). El Usuario se somete asimismo, cada vez que utilice el correspondiente Contenido o Servicio, a sus correspondientes Condiciones Particulares aplicables.<\/p>\n<p>En consecuencia, el Usuario debe leer con atenci\u00f3n las Condiciones Generales cada vez que se proponga utilizar el Sitio I2I as\u00ed como, en su caso, las correspondientes Condiciones Particulares cada vez que se proponga utilizar el Contenido o Servicio de que se trate.<\/p>\n<p>En todo caso, I2I se reserva el derecho de modificar, en cualquier momento y sin necesidad de previo aviso, la presentaci\u00f3n y configuraci\u00f3n del Sitio I2I, as\u00ed como las presentes Condiciones Generales o las correspondientes Condiciones Particulares.<\/p>\n<h3>2. Uso del Sitio I2I<\/h3>\n<p>El Sitio I2I no constituye una fuente de asesoramiento ni un medio para establecer una relaci\u00f3n profesional ni de ning\u00fan otro tipo entre cliente y consultor.<\/p>\n<p><strong>Uso<\/strong><\/p>\n<p>Salvo que se disponga otra cosa en las Condiciones Particulares, el uso del Sitio I2I tendr\u00e1 car\u00e1cter gratuito, sin perjuicio del coste de conexi\u00f3n a trav\u00e9s de la correspondiente red de telecomunicaciones que para el Usuario tenga el acceso.<\/p>\n<p>El Usuario es consciente y acepta voluntaria y expresamente que el uso del Sitio I2I se realiza en todo caso bajo su \u00fanica y exclusiva responsabilidad.<\/p>\n<p>En la utilizaci\u00f3n del Sitio I2I, el Usuario se compromete a no llevar a cabo ninguna conducta que pudiera da\u00f1ar la imagen, los intereses y los derechos de I2I o de terceros o que pudiera da\u00f1ar, inutilizar o sobrecargar el Sitio I2I, o que impidiera, de cualquier forma, la normal utilizaci\u00f3n del Sitio I2I.<\/p>\n<p>I2I adopta medidas de seguridad razonablemente adecuadas para detectar la existencia de virus. No obstante, el Usuario debe ser consciente de que las medidas de seguridad de los sistemas inform\u00e1ticos en Internet no son enteramente fiables y que, por tanto, I2I no puede garantizar la inexistencia de virus u otros elementos que puedan producir alteraciones en los sistemas inform\u00e1ticos (software y hardware) del Usuario o en sus documentos electr\u00f3nicos y ficheros contenidos en los mismos.<\/p>\n<p><strong>Contenidos<\/strong><\/p>\n<p>Los Contenidos del Sitio I2I son puestos a disposici\u00f3n del Usuario por I2I con informaci\u00f3n procedente tanto de fuentes propias como de terceros.<\/p>\n<p>I2I procura que los Contenidos sean de la mayor calidad posible y est\u00e9n razonablemente actualizados, pero no garantiza la utilidad, exactitud, exhaustividad, pertinencia y\/o actualidad de los Contenidos.<\/p>\n<p>La inclusi\u00f3n de Contenidos en el Sitio I2I no constituye en modo alguno la prestaci\u00f3n de un servicio de consultor\u00eda de negocio para el sector energ\u00e9tico y petroqu\u00edmico. El Usuario reconoce que, en la medida en que la aplicaci\u00f3n de los servicios de consultor\u00eda (de cualquier naturaleza) no es autom\u00e1tica, sino que puede variar en funci\u00f3n de circunstancias muy diversas, la informaci\u00f3n recogida en los Contenidos es insuficiente para la toma de decisiones de cualquier naturaleza. Por ello, la informaci\u00f3n incluida en los Contenidos no puede ser considerada como una alternativa a la prestaci\u00f3n de servicios de consultor\u00eda de negocio para el sector energ\u00e9tico y petroqu\u00edmico, e I2I desaconseja al Usuario la toma de decisiones sobre la base de la informaci\u00f3n recogida en los Contenidos sin obtener un asesoramiento profesional adecuado.<\/p>\n<p><strong>Derechos de propiedad intelectual e industrial<\/strong><\/p>\n<p>El dise\u00f1o de la p\u00e1gina web de I2I y sus c\u00f3digos fuente, as\u00ed como sus logos, marcas, signos distintivos as\u00ed como cualquier otro activo intangible es propiedad y titularidad de I2I o entidades colaboradoras y se encuentran protegidos por la legislaci\u00f3n correspondiente a los derechos de propiedad Intelectual e industrial, respectivamente.<\/p>\n<p>El uso, reproducci\u00f3n, distribuci\u00f3n, comunicaci\u00f3n p\u00fablica, transformaci\u00f3n o cualquier otra actividad similar o an\u00e1loga, queda totalmente prohibida salvo que se solicite y se otorgue una previa autorizaci\u00f3n a I2I.<\/p>\n<p>As\u00ed mismo,\u00a0I2I se reserva la facultad de presentar las acciones civiles o penales que considere oportunas por la utilizaci\u00f3n indebida de sus p\u00e1ginas web y contenidos o por el incumplimiento de estas condiciones.<\/p>\n<p>El Usuario podr\u00e1 visualizar y obtener una copia privada temporal de los Contenidos para su exclusivo uso personal y privado en sus sistemas inform\u00e1ticos (software y hardware), siempre que no sea con la finalidad de desarrollar actividades de car\u00e1cter comercial o profesional. El Usuario deber\u00e1 abstenerse de obtener, o intentar obtener, los Contenidos por medios o procedimientos distintos de los que en cada caso se hayan puesto a su disposici\u00f3n o indicado al efecto o de los que se utilicen habitualmente en Internet (siempre que estos \u00faltimos no entra\u00f1en un riesgo de da\u00f1o o inutilizaci\u00f3n del Sitio I2I). El Usuario deber\u00e1 respetar en todo momento todos los derechos de propiedad intelectual e industrial sobre el Sitio I2I, de titularidad de I2I o de terceros.<\/p>\n<p><strong>Hiperenlaces y Sitios Enlazados<\/strong><\/p>\n<p><strong>a) Hiperenlaces<\/strong><\/p>\n<p>El Usuario y, en general, cualquier persona f\u00edsica o jur\u00eddica que se proponga establecer un hiperenlace o dispositivo t\u00e9cnico de enlace (por ejemplo, links o botones) desde su sitio web al Sitio I2I (el \u00abHiperenlace\u00bb) deber\u00e1 obtener una\u00a0autorizaci\u00f3n previa y por escrito de I2I.<\/p>\n<p>El establecimiento del Hiperenlace no implica en ning\u00fan caso la existencia de relaciones entre I2I y el propietario del sitio o de la p\u00e1gina web en la que se establezca el Hiperenlace, ni la aceptaci\u00f3n o aprobaci\u00f3n por parte de I2I de sus contenidos o servicios.<\/p>\n<p>En todo caso, I2I se reserva el derecho de prohibir o inutilizar en cualquier momento cualquier hiperenlace al Sitio I2I, especialmente en los supuestos de ilicitud de la actividad o contenidos del sitio web en el que se incluye el hiperenlace.<\/p>\n<p><strong>b) Sitios Enlazados<\/strong><\/p>\n<p>El Sitio I2I pone a disposici\u00f3n del Usuario, \u00fanicamente para la b\u00fasqueda de, y acceso a, la informaci\u00f3n, contenidos y servicios disponibles en Internet, hiperenlaces o dispositivos t\u00e9cnicos de enlace (por ejemplo, links o botones), que permiten al Usuario el acceso a sitios o portales de Internet pertenecientes a o gestionados por terceros (los \u201cSitios Enlazados\u201d).<\/p>\n<p>I2I no ofrece ni comercializa por s\u00ed ni por medio de terceros la informaci\u00f3n, contenidos y servicios disponibles en los Sitios Enlazados, ni aprueba, supervisa o controla en modo alguno los contenidos y servicios y cualquier material de cualquier naturaleza existente en los mismos, asumiendo el Usuario de manera exclusiva toda la responsabilidad de la navegaci\u00f3n a trav\u00e9s de los mismos.<\/p>\n<h3>3. Datos de car\u00e1cter personal<\/h3>\n<p>De conformidad con lo establecido por la Ley Org\u00e1nica y el Reglamento General-UE-2016\/679 del Parlamento y Consejo de Europa de Protecci\u00f3n de Datos de Car\u00e1cter Personal, aprobado el 27 de abril de 2016,\u00a0<strong>IDEAS2INVOICES, S.L.<\/strong>\u00a0informa a los usuarios de sus websites de que estamos obligados a guardar secreto profesional sobre los datos personales recabados por la empresa mediante los formularios sitos en sus p\u00e1ginas, esta obligaci\u00f3n continuara incluso despu\u00e9s de haber finalizado nuestra relaci\u00f3n comercial o contractual, y en ning\u00fan caso podremos hacer p\u00fablicos los datos personales de los visitantes y clientes a la web sin su consentimiento.\u00a0<strong>Los menores de 13 a\u00f1os no pueden prestar su consentimiento para que un comercio recoja y trate sus datos personales; solo sus representantes legales (padres o tutores) son quienes pueden hacerlo en su nombre<\/strong>. Aquellos comercios que necesiten tratar datos de menores de 13 a\u00f1os, deben disponer de los medios para obtener el consentimiento de sus padres o tutores, por ejemplo, mediante un mensaje de correo electr\u00f3nico dirigido a alguno de ellos que contenga un enlace a un formulario electr\u00f3nico. No se puede pedir a los menores de 13 a\u00f1os datos sobre el \u00e1mbito familiar, siendo la \u00fanica excepci\u00f3n los datos de identificaci\u00f3n y contacto de los padres o tutores.<\/p>\n<p>Estos datos, ser\u00e1n introducidos en un fichero automatizado bajo la responsabilidad del administrador de la web de IDEAS2INVOICES, S.L. con la finalidad de poder facilitar, agilizar y cumplir los compromisos establecidos entre ambas partes. As\u00ed mismo,\u00a0IDEAS2INVOICES, S.L. informa de la posibilidad de ejercer los derechos de\u00a0<strong>acceso<\/strong>, que permite al usuario web, conocer que datos personales tiene el administrador de esta p\u00e1gina y en tal caso contestara en un plazo de 30 d\u00edas, siempre que conserve los datos,\u00a0<strong>rectificaci\u00f3n<\/strong>, que permite corregir errores, modificar los datos que sean inexactos o incompletos y garantizar la certeza de la informaci\u00f3n,\u00a0<strong>oposici\u00f3n\u00a0<\/strong>que podr\u00e1 solicitar y conseguir que no lleve a cabo el tratamiento de datos,\u00a0<strong>supresi\u00f3n\u00a0<\/strong>que permite que se supriman los datos inadecuados o excesivos,\u00a0<strong>limitaci\u00f3n<\/strong>,\u00a0por el que puede solicitar que se limite el tratamiento de sus datos cuando haya ejercido su derecho a la rectificaci\u00f3n de sus datos personales, y\u00a0<strong>portabilidad<\/strong>, para que el usuario pueda obtener una copia de los datos personales que haya facilitado en la web a fin de poder transmitirlos a otros servicios, estos derechos se podr\u00e1n ejercer por cualquier medio que deje constancia de su env\u00edo y de su recepci\u00f3n a la direcci\u00f3n:\u00a0CALLE ARZOBISPO MORCILLO, 62, PLANTA 10, A.\u00a0C\u00f3digo Postal:\u00a028029. Localidad:\u00a0MADRID. Provincia:\u00a0MADRID. Correo electr\u00f3nico:\u00a0<a href=\"mailto:info@i2i.es\">info@i2i.es<\/a> \u200b\u200baportando fotocopia del DNI o documentaci\u00f3n alternativa que acredite su identidad.<br \/>\nMientras no nos comunique lo contrario, entenderemos que sus datos no han sido modificados, que usted se compromete a notificarnos cualquier variaci\u00f3n y que tenemos el consentimiento para utilizarlos a fin de poder fidelizar la relaci\u00f3n entre las partes.<\/p>\n<p>El env\u00edo de sus datos mediante el\/los formularios de nuestra web estar\u00e1 supeditado obligatoriamente a que haya le\u00eddo\/aceptado la Pol\u00edtica de Privacidad, mediante un check box obligatorio al pie del formulario.<\/p>\n<p>De acuerdo con lo establecido en la Ley 34\/2002, de Servicios de la Sociedad de la Informaci\u00f3n y el Comercio Electr\u00f3nico en su art\u00edculo 21, pedimos su consentimiento para poder realizar comunicaciones publicitarias que consideremos puedan ser de su inter\u00e9s, por correo electr\u00f3nico o por cualquier otro medio de comunicaci\u00f3n electr\u00f3nica equivalente, este consentimiento lo aceptar\u00e1 o negar\u00e1 con un check box obligatorio al pie del formulario.<\/p>\n<p>Ser\u00e1n competentes para decidir sobre cualquier controversia que pueda surgir entre el usuario e\u00a0I2I \u00a0los juzgados o tribunales de la ciudad de Madrid.<\/p>\n<p><strong>Uso de \u201ccookies\u201d por Google Analytics<\/strong><\/p>\n<p>Esta p\u00e1gina web utiliza Google Analytics, un servicio anal\u00edtico de web prestado por Google, Inc. (\u201cGoogle\u201d), una compa\u00f1\u00eda de Delaware cuya oficina principal est\u00e1 en 1600 Amphitheatre Parkway, Mountain View (California), CA 94043, Estados Unidos de Am\u00e9rica y que, seg\u00fan determina Google, se rige por las condiciones generales de Google accesibles en\u00a0<a href=\"http:\/\/www.google.com\/analytics\/tos.html\" target=\"_blank\" rel=\"noopener\">http:\/\/www.google.com\/analytics\/tos.html<\/a>\u00a0y la pol\u00edtica de privacidad de Google accesible en\u00a0<a href=\"http:\/\/www.google.com\/privacy_ads.html#toc-faq\" target=\"_blank\" rel=\"noopener\">http:\/\/www.google.com\/privacy_ads.html#toc-faq<\/a>.<\/p>\n<p>Google Analytics es la herramienta de an\u00e1lisis web gratuita de Google que ayuda a los propietarios de los sitios web a comprender c\u00f3mo interact\u00faan los visitantes con su sitio web. Google Analytics recopila informaci\u00f3n de forma an\u00f3nima y, al igual que si se rastrearan huellas en la arena, informa acerca de las tendencias del sitio web, sin identificar a los visitantes individuales. Google Analytics utiliza su propia cookie para seguir las interacciones de los visitantes. La cookie se utiliza para guardar informaci\u00f3n, como la hora a la que se produjo la visita actual, si el visitante hab\u00eda estado anteriormente en el sitio o el sitio del que proviene. Los clientes de Google Analytics pueden acceder a una variedad de informes acerca del modo en el que los visitantes interact\u00faan con sus sitios web, de forma que puedan mejorarlos y hacerlos m\u00e1s localizables. Se utiliza una cookie distinta para cada sitio web y no se realiza un seguimiento de los visitantes entre varios sitios. Google Analytics requiere que todos los sitios web actualicen su pol\u00edtica de privacidad para incluir un aviso que informe plenamente sobre la utilizaci\u00f3n de Google Analytics. Para deshabilitar este tipo de cookie, algunos navegadores le indicar\u00e1n cuando se est\u00e1 enviando una cookie y le permitir\u00e1n rechazarlas caso por caso. Adicionalmente a rechazar cookies, tambi\u00e9n puede instalarse la herramienta Google Analytics Opt-out Add-on en su navegador, que impide a Google Analytics la recopilaci\u00f3n de informaci\u00f3n sobre sus visitas a sitios web. (Inf\u00f3rmese sobre la herramienta Google Analytics Opt-out Add-on y otra informaci\u00f3n sobre privacidad de Google Analytics\u00a0<a href=\"http:\/\/www.google.com\/privacy_ads.html#toc-faq\" target=\"_blank\" rel=\"noopener\">http:\/\/www.google.com\/privacy_ads.html#toc-faq<\/a>)\u201d<\/p>\n<p>Ideas2Invoices, S.L. informa a sus usuarios que (i) la captaci\u00f3n de la informaci\u00f3n sobre el uso de este sitio web por nuestros usuarios a trav\u00e9s de Google Analytics s\u00f3lo la hace Google en su propio nombre (y no lo hace ni en nombre ni por cuenta de Ideas2Invoices, S.L.), no teniendo Ideas2Invoices, S.L. acceso en ning\u00fan momento a tal informaci\u00f3n (sino tan s\u00f3lo a informaci\u00f3n agregada que le facilita posteriormente Google y que no est\u00e1 asociada a ninguna direcci\u00f3n IP); (ii) Google (y no Ideas2Invoices, S.L.) es quien determina la finalidad del tratamiento y uso de la informaci\u00f3n captada por Google Analytics en todo momento, as\u00ed como el funcionamiento y duraci\u00f3n de las cookies; (iii) conforme a la informaci\u00f3n proporcionada por Google, el usuario puede evitar la captaci\u00f3n de esa informaci\u00f3n, rechazando la instalaci\u00f3n de cookies configurando su navegador para ello (en\u00a0<a href=\"http:\/\/tools.google.com\/dlpage\/gaoptout?hl=en\" target=\"_blank\" rel=\"noopener\">http:\/\/tools.google.com\/dlpage\/gaoptout?hl=en<\/a>\u00a0encontrar\u00e1 m\u00e1s informaci\u00f3n sobre c\u00f3mo rechazar la instalaci\u00f3n de cookies de Google Analytics); y (iv) deben saber que \u00fanicamente los pa\u00edses de la Uni\u00f3n Europea comparten -como regla general- est\u00e1ndares similares en materia de cookies y protecci\u00f3n de datos de car\u00e1cter personal.<\/p>\n<h3>4. Ley aplicable y jurisdicci\u00f3n<\/h3>\n<p>Estas Condiciones Generales se rigen por la Ley espa\u00f1ola.<\/p>\n<h3>5. Direcciones de contacto<\/h3>\n<p>En caso de que cualquier Usuario tuviese alguna duda acerca de estas Condiciones Generales o cualquier comentario sobre el Sitio I2I, por favor, dir\u00edjase a: <a href=\"mailto:info@I2I.es\" target=\"_blank\" rel=\"noopener\">info@I2I.es<\/a>.<\/p>\n<p>\u00daltima versi\u00f3n: Junio 2018<\/p>\n<p>\u00a9 Ideas2Invoices, S.L., 2017-2018<\/p>\n","protected":false},"excerpt":{"rendered":"<p>Condiciones generales de utilizaci\u00f3n del sitio web de Ideas2Invoices, S.L. 1. Objeto Las presentes Condiciones Generales regulan el uso (incluyendo el mero acceso) de las p\u00e1ginas web integrantes del sitio web de Ideas2Invoices, S.L. (\u201cI2I\u201d), incluidos los contenidos y servicios puestos a disposici\u00f3n en ellas (el \u201cSitio I2I\u201d). Toda persona que acceda al Sitio I2I [&hellip;]<\/p>\n","protected":false},"author":1,"featured_media":0,"parent":0,"menu_order":0,"comment_status":"closed","ping_status":"closed","template":"","meta":{"footnotes":""},"acf":[],"_links":{"self":[{"href":"https:\/\/ideas2invoices.com\/es\/wp-json\/wp\/v2\/pages\/81"}],"collection":[{"href":"https:\/\/ideas2invoices.com\/es\/wp-json\/wp\/v2\/pages"}],"about":[{"href":"https:\/\/ideas2invoices.com\/es\/wp-json\/wp\/v2\/types\/page"}],"author":[{"embeddable":true,"href":"https:\/\/ideas2invoices.com\/es\/wp-json\/wp\/v2\/users\/1"}],"replies":[{"embeddable":true,"href":"https:\/\/ideas2invoices.com\/es\/wp-json\/wp\/v2\/comments?post=81"}],"version-history":[{"count":10,"href":"https:\/\/ideas2invoices.com\/es\/wp-json\/wp\/v2\/pages\/81\/revisions"}],"predecessor-version":[{"id":1881,"href":"https:\/\/ideas2invoices.com\/es\/wp-json\/wp\/v2\/pages\/81\/revisions\/1881"}],"wp:attachment":[{"href":"https:\/\/ideas2invoices.com\/es\/wp-json\/wp\/v2\/media?parent=81"}],"curies":[{"name":"wp","href":"https:\/\/api.w.org\/{rel}","templated":true}]}}