{"id":83,"date":"2017-12-12T13:33:50","date_gmt":"2017-12-12T13:33:50","guid":{"rendered":"https:\/\/ideas2invoices.com\/?page_id=83"},"modified":"2017-12-15T10:08:18","modified_gmt":"2017-12-15T10:08:18","slug":"cookies","status":"publish","type":"page","link":"https:\/\/ideas2invoices.com\/es\/cookies\/","title":{"rendered":"Cookies"},"content":{"rendered":"<p>Una cookie es un fichero que se descarga en el ordenador\/smartphone\/tablet del usuario al acceder a determinadas p\u00e1ginas web para almacenar y recuperar informaci\u00f3n sobre la navegaci\u00f3n que se efect\u00faa desde dicho equipo. Para conocer m\u00e1s informaci\u00f3n sobre las cookies, Ideas2Invoices, S.L. (I2I), le invita a acceder al siguiente enlace: http:\/\/www.iabspain.net\/privacidadeninternet\/usuario.<\/p>\n<p>En este sitio web se permite la utilizaci\u00f3n de las cookies propias de la herramienta \u201cGoogle Analytics\u201d que se detallan a continuaci\u00f3n:<\/p>\n<p><strong>Tercero<\/strong><\/p>\n<p>Google, Inc. (\u201cGoogle\u201d), sociedad de Delaware cuya oficina principal est\u00e1 en 1600 Amphitheatre Parkway, Mountain View (California), CA 94043, EE.UU..<\/p>\n<p><strong>Informaci\u00f3n captada por Google e informaci\u00f3n facilitada a I2I<\/strong><\/p>\n<p>Google Analytics capta las interacciones de los usuarios en el sitio web (hora de la visita, si el usuario ha estado antes en el sitio, qu\u00e9 sitio ha recomendado al usuario visitar la p\u00e1gina web en cuesti\u00f3n, direcci\u00f3n IP, etc.).<\/p>\n<p>Google Analytics no proporciona a I2I informaci\u00f3n sobre la direcci\u00f3n IP real del usuario: s\u00f3lo le facilita informaci\u00f3n estad\u00edstica consistente en visitas (visitantes \u00fanicos, n\u00famero de p\u00e1ginas vistas, p\u00e1gina\/vista, duraci\u00f3n media de la visita, % de rebote, % de visitas nuevas, visitantes nuevos y recurrentes, frecuencia y visitas recientes, interacciones, p\u00e1ginas visitadas), datos demogr\u00e1ficos (idioma, pa\u00eds\/territorio, ciudad), sistema (navegador, sistema operativo, proveedor de acceso a Internet, categor\u00eda de dispositivo), fuente\/medio.<\/p>\n<p><strong>Finalidad<\/strong><\/p>\n<p>Google Analytics es una herramienta de anal\u00edtica web que permite a los propietarios de sitios saber el grado de implicaci\u00f3n de los usuarios con su sitio web. Los clientes de Google Analytics pueden consultar varios informes en los que se describe c\u00f3mo interact\u00faan los usuarios que visitan sus sitios web con el prop\u00f3sito de mejorarlos. Google Analytics recaba informaci\u00f3n de forma an\u00f3nima, es decir, informa de las tendencias del sitio sin identificar a sus usuarios.<\/p>\n<p>Google Analytics se rige por las condiciones generales de Google accesibles en http:\/\/www.google.com\/analytics\/tos.html y las pol\u00edticas de privacidad de Google accesibles en http:\/\/www.google.com\/intl\/es\/policies\/privacy\/ y http:\/\/www.google.com\/intl\/es\/analytics\/privacyoverview.html<\/p>\n<p><strong>Desactivaci\u00f3n<\/strong><\/p>\n<p>El usuario podr\u00e1, en cualquier momento, desactivar las cookies de Google Analytics, mediante el sistema de opt-out de Google Analytics accesible en https:\/\/tools.google.com\/dlpage\/gaoptout?hl=es<\/p>\n<p>O reconfigurando su navegador, por ejemplo:<\/p>\n<ul>\n<li>Chrome, desde <a href=\"http:\/\/support.google.com\/chrome\/bin\/answer.py?hl=es&amp;answer=95647\" target=\"_blank\" rel=\"noopener\">http:\/\/support.google.com\/chrome\/bin\/answer.py?hl=es&amp;answer=95647<\/a><\/li>\n<li>Explorer, desde <a href=\"http:\/\/windows.microsoft.com\/es-es\/windows7\/how-to-manage-cookies-in-internet-explorer-9\" target=\"_blank\" rel=\"noopener\">http:\/\/windows.microsoft.com\/es-es\/windows7\/how-to-manage-cookies-in-internet-explorer-9<\/a><\/li>\n<li>Firefox, desde\u00a0<a href=\"https:\/\/support.mozilla.org\/es\/kb\/habilitar-y-deshabilitar-cookies-sitios-web-rastrear-preferencias\" target=\"_blank\" rel=\"noopener\">https:\/\/support.mozilla.org\/es\/kb\/habilitar-y-deshabilitar-cookies-sitios-web-rastrear-preferencias<\/a><\/li>\n<li>Safari, desde <a href=\"http:\/\/support.apple.com\/kb\/ph5042\" target=\"_blank\" rel=\"noopener\">http:\/\/support.apple.com\/kb\/ph5042<\/a><\/li>\n<\/ul>\n<p>La desactivaci\u00f3n cookies de Google Analytics no impedir\u00e1 el uso de este sitio web.<\/p>\n<p>I2I no puede controlar ni se hace responsable del contenido y veracidad de los t\u00e9rminos y condiciones y las pol\u00edticas de privacidad de Google referenciadas en esta pol\u00edtica de cookies.<\/p>\n","protected":false},"excerpt":{"rendered":"<p>Una cookie es un fichero que se descarga en el ordenador\/smartphone\/tablet del usuario al acceder a determinadas p\u00e1ginas web para almacenar y recuperar informaci\u00f3n sobre la navegaci\u00f3n que se efect\u00faa desde dicho equipo. Para conocer m\u00e1s informaci\u00f3n sobre las cookies, Ideas2Invoices, S.L. (I2I), le invita a acceder al siguiente enlace: http:\/\/www.iabspain.net\/privacidadeninternet\/usuario. En este sitio web [&hellip;]<\/p>\n","protected":false},"author":1,"featured_media":0,"parent":0,"menu_order":0,"comment_status":"closed","ping_status":"closed","template":"","meta":{"footnotes":""},"acf":[],"_links":{"self":[{"href":"https:\/\/ideas2invoices.com\/es\/wp-json\/wp\/v2\/pages\/83"}],"collection":[{"href":"https:\/\/ideas2invoices.com\/es\/wp-json\/wp\/v2\/pages"}],"about":[{"href":"https:\/\/ideas2invoices.com\/es\/wp-json\/wp\/v2\/types\/page"}],"author":[{"embeddable":true,"href":"https:\/\/ideas2invoices.com\/es\/wp-json\/wp\/v2\/users\/1"}],"replies":[{"embeddable":true,"href":"https:\/\/ideas2invoices.com\/es\/wp-json\/wp\/v2\/comments?post=83"}],"version-history":[{"count":4,"href":"https:\/\/ideas2invoices.com\/es\/wp-json\/wp\/v2\/pages\/83\/revisions"}],"predecessor-version":[{"id":186,"href":"https:\/\/ideas2invoices.com\/es\/wp-json\/wp\/v2\/pages\/83\/revisions\/186"}],"wp:attachment":[{"href":"https:\/\/ideas2invoices.com\/es\/wp-json\/wp\/v2\/media?parent=83"}],"curies":[{"name":"wp","href":"https:\/\/api.w.org\/{rel}","templated":true}]}}